{"id":7,"date":"2008-05-02T14:54:23","date_gmt":"2008-05-02T12:54:23","guid":{"rendered":"http:\/\/localhost\/wordpress\/?page_id=8"},"modified":"2008-05-29T12:02:17","modified_gmt":"2008-05-29T17:02:17","slug":"relatos","status":"publish","type":"page","link":"https:\/\/www.villaescusadeharo.com\/kyezitri\/?page_id=7","title":{"rendered":"Relatos"},"content":{"rendered":"<p><script type=\"text\/javascript\">\nvar gaJsHost = ((\"https:\" == document.location.protocol) ? \"https:\/\/ssl.\" : \"http:\/\/www.\");\ndocument.write(unescape(\"%3Cscript src='\" + gaJsHost + \"google-analytics.com\/ga.js' type='text\/javascript'%3E%3C\/script%3E\"));\n<\/script><br \/>\n<script type=\"text\/javascript\">\nvar pageTracker = _gat._getTracker(\"UA-4326833-1\");\npageTracker._initData();\npageTracker._trackPageview();\n<\/script><\/p>\n<p id=\"post-meta-data\">En esta p\u00e1gina se encuentran algunos relatos breves escritos durante los \u00faltimos a\u00f1os. Espero que os gusten&#8230;<br \/><strong>\u00daltima actualizaci\u00f3n: 29-Mayo-2008<\/strong>.<\/p>\n<ul>\n<li><a href=\"relatos\/dep.pdf\"><strong>DEP<\/strong><\/a><br \/>\n<blockquote><p>Sin fe no se puede vivir, Padre, pero mucha gente no consigue entenderlo y por eso se arrastran desesperadamente y desesperanzadoramente por el mundo&#8230;<\/p><\/blockquote>\n<\/li>\n<li><a href=\"relatos\/contrabajo.pdf\"><strong>Personaje secundario con contrabajo<\/strong><\/a><br \/>\n<blockquote><p>Digamos que su papel en la farsa del mundo era breve, sin muchos signos de exclamaci\u00f3n ni interrogaci\u00f3n&#8230;<\/p><\/blockquote>\n<\/li>\n<li><a href=\"relatos\/renovarse.pdf\"><strong>Renovarse o dejarse matar<\/strong><\/a><br \/>\n<blockquote><p>Hab\u00eda varios libros baratos apilados en el escritorio, el de la cima sobre magias orientales de dudosa credibilidad, demasiado amarillento y manoseado&#8230;<\/p><\/blockquote>\n<\/li>\n<li><a href=\"relatos\/invitacion_jeque.pdf\"><strong>Invitaci\u00f3n del jeque<\/strong><\/a><br \/>\n<blockquote><p>Se trata de una historia real, por lo que me disculpo ante el atento lector por ofertar una narraci\u00f3n un tanto insulsa en la que ni hay asesinatos ni excitaciones, comprenda que en una vida real como la suya o la m\u00eda las emociones fuertes brillan por su ausencia&#8230;<\/p><\/blockquote>\n<\/li>\n<li><a href=\"relatos\/metafora_hiperbola.pdf\"><strong>La met\u00e1fora de la par\u00e1bola de la hip\u00e9rbola<\/strong><\/a><br \/>\n<blockquote><p>Y perdona, amigo, que mis met\u00e1foras esta noche sean tan \u00f1o\u00f1as y rid\u00edculas, pero cuando toma la palabra el coraz\u00f3n, de poco sirve la brillantez de expresi\u00f3n ante el fluir de sentimientos abotargados&#8230;<\/p><\/blockquote>\n<\/li>\n<li><a href=\"relatos\/pasiones_literarias.pdf\"><strong>Pasiones literarias del siglo pasado<\/strong><\/a><br \/>\n<blockquote><p>Y c\u00edrculos cerrados e irregulares, de los que siempre terminan donde empiezan, y viceversa; como si la vida se redujese a la condena a S\u00edsifo que narr\u00f3 Albert Camus en El mito de S\u00edsifo&#8230;<\/p><\/blockquote>\n<\/li>\n<\/ul>\n","protected":false},"excerpt":{"rendered":"<p>En esta p\u00e1gina se encuentran algunos relatos breves escritos durante los \u00faltimos a\u00f1os. Espero que os gusten&#8230;\u00daltima actualizaci\u00f3n: 29-Mayo-2008. DEP Sin fe no se puede vivir, Padre, pero mucha gente no consigue entenderlo y por eso se arrastran desesperadamente y desesperanzadoramente por el mundo&#8230; Personaje secundario con contrabajo Digamos que su papel en la farsa &hellip; <a href=\"https:\/\/www.villaescusadeharo.com\/kyezitri\/?page_id=7\" class=\"more-link\">Continuar leyendo<span class=\"screen-reader-text\"> \u00abRelatos\u00bb<\/span><\/a><\/p>\n","protected":false},"author":1,"featured_media":0,"parent":0,"menu_order":0,"comment_status":"open","ping_status":"open","template":"","meta":{"footnotes":""},"class_list":["post-7","page","type-page","status-publish","hentry"],"yoast_head":"<!-- This site is optimized with the Yoast SEO plugin v21.5 - https:\/\/yoast.com\/wordpress\/plugins\/seo\/ -->\n<title>Relatos - kyezitri.es<\/title>\n<meta name=\"robots\" content=\"index, follow, max-snippet:-1, max-image-preview:large, max-video-preview:-1\" \/>\n<link rel=\"canonical\" href=\"https:\/\/www.villaescusadeharo.com\/kyezitri\/?page_id=7\" \/>\n<meta property=\"og:locale\" content=\"es_ES\" \/>\n<meta property=\"og:type\" content=\"article\" \/>\n<meta property=\"og:title\" content=\"Relatos - kyezitri.es\" \/>\n<meta property=\"og:description\" content=\"En esta p\u00e1gina se encuentran algunos relatos breves escritos durante los \u00faltimos a\u00f1os. Espero que os gusten&#8230;\u00daltima actualizaci\u00f3n: 29-Mayo-2008. DEP Sin fe no se puede vivir, Padre, pero mucha gente no consigue entenderlo y por eso se arrastran desesperadamente y desesperanzadoramente por el mundo&#8230; Personaje secundario con contrabajo Digamos que su papel en la farsa &hellip; Continuar leyendo &quot;Relatos&quot;\" \/>\n<meta property=\"og:url\" content=\"https:\/\/www.villaescusadeharo.com\/kyezitri\/?page_id=7\" \/>\n<meta property=\"og:site_name\" content=\"kyezitri.es\" \/>\n<meta property=\"article:modified_time\" content=\"2008-05-29T17:02:17+00:00\" \/>\n<meta name=\"twitter:card\" content=\"summary_large_image\" \/>\n<meta name=\"twitter:label1\" content=\"Tiempo de lectura\" \/>\n\t<meta name=\"twitter:data1\" content=\"1 minuto\" \/>\n<script type=\"application\/ld+json\" class=\"yoast-schema-graph\">{\"@context\":\"https:\/\/schema.org\",\"@graph\":[{\"@type\":\"WebPage\",\"@id\":\"https:\/\/www.villaescusadeharo.com\/kyezitri\/?page_id=7\",\"url\":\"https:\/\/www.villaescusadeharo.com\/kyezitri\/?page_id=7\",\"name\":\"Relatos - kyezitri.es\",\"isPartOf\":{\"@id\":\"https:\/\/www.villaescusadeharo.com\/kyezitri\/#website\"},\"datePublished\":\"2008-05-02T12:54:23+00:00\",\"dateModified\":\"2008-05-29T17:02:17+00:00\",\"breadcrumb\":{\"@id\":\"https:\/\/www.villaescusadeharo.com\/kyezitri\/?page_id=7#breadcrumb\"},\"inLanguage\":\"es\",\"potentialAction\":[{\"@type\":\"ReadAction\",\"target\":[\"https:\/\/www.villaescusadeharo.com\/kyezitri\/?page_id=7\"]}]},{\"@type\":\"BreadcrumbList\",\"@id\":\"https:\/\/www.villaescusadeharo.com\/kyezitri\/?page_id=7#breadcrumb\",\"itemListElement\":[{\"@type\":\"ListItem\",\"position\":1,\"name\":\"Portada\",\"item\":\"https:\/\/www.villaescusadeharo.com\/kyezitri\"},{\"@type\":\"ListItem\",\"position\":2,\"name\":\"Relatos\"}]},{\"@type\":\"WebSite\",\"@id\":\"https:\/\/www.villaescusadeharo.com\/kyezitri\/#website\",\"url\":\"https:\/\/www.villaescusadeharo.com\/kyezitri\/\",\"name\":\"kyezitri.es\",\"description\":\"the half truth in the lie\",\"potentialAction\":[{\"@type\":\"SearchAction\",\"target\":{\"@type\":\"EntryPoint\",\"urlTemplate\":\"https:\/\/www.villaescusadeharo.com\/kyezitri\/?s={search_term_string}\"},\"query-input\":\"required name=search_term_string\"}],\"inLanguage\":\"es\"}]}<\/script>\n<!-- \/ Yoast SEO plugin. -->","yoast_head_json":{"title":"Relatos - kyezitri.es","robots":{"index":"index","follow":"follow","max-snippet":"max-snippet:-1","max-image-preview":"max-image-preview:large","max-video-preview":"max-video-preview:-1"},"canonical":"https:\/\/www.villaescusadeharo.com\/kyezitri\/?page_id=7","og_locale":"es_ES","og_type":"article","og_title":"Relatos - kyezitri.es","og_description":"En esta p\u00e1gina se encuentran algunos relatos breves escritos durante los \u00faltimos a\u00f1os. Espero que os gusten&#8230;\u00daltima actualizaci\u00f3n: 29-Mayo-2008. DEP Sin fe no se puede vivir, Padre, pero mucha gente no consigue entenderlo y por eso se arrastran desesperadamente y desesperanzadoramente por el mundo&#8230; Personaje secundario con contrabajo Digamos que su papel en la farsa &hellip; Continuar leyendo \"Relatos\"","og_url":"https:\/\/www.villaescusadeharo.com\/kyezitri\/?page_id=7","og_site_name":"kyezitri.es","article_modified_time":"2008-05-29T17:02:17+00:00","twitter_card":"summary_large_image","twitter_misc":{"Tiempo de lectura":"1 minuto"},"schema":{"@context":"https:\/\/schema.org","@graph":[{"@type":"WebPage","@id":"https:\/\/www.villaescusadeharo.com\/kyezitri\/?page_id=7","url":"https:\/\/www.villaescusadeharo.com\/kyezitri\/?page_id=7","name":"Relatos - kyezitri.es","isPartOf":{"@id":"https:\/\/www.villaescusadeharo.com\/kyezitri\/#website"},"datePublished":"2008-05-02T12:54:23+00:00","dateModified":"2008-05-29T17:02:17+00:00","breadcrumb":{"@id":"https:\/\/www.villaescusadeharo.com\/kyezitri\/?page_id=7#breadcrumb"},"inLanguage":"es","potentialAction":[{"@type":"ReadAction","target":["https:\/\/www.villaescusadeharo.com\/kyezitri\/?page_id=7"]}]},{"@type":"BreadcrumbList","@id":"https:\/\/www.villaescusadeharo.com\/kyezitri\/?page_id=7#breadcrumb","itemListElement":[{"@type":"ListItem","position":1,"name":"Portada","item":"https:\/\/www.villaescusadeharo.com\/kyezitri"},{"@type":"ListItem","position":2,"name":"Relatos"}]},{"@type":"WebSite","@id":"https:\/\/www.villaescusadeharo.com\/kyezitri\/#website","url":"https:\/\/www.villaescusadeharo.com\/kyezitri\/","name":"kyezitri.es","description":"the half truth in the lie","potentialAction":[{"@type":"SearchAction","target":{"@type":"EntryPoint","urlTemplate":"https:\/\/www.villaescusadeharo.com\/kyezitri\/?s={search_term_string}"},"query-input":"required name=search_term_string"}],"inLanguage":"es"}]}},"jetpack_sharing_enabled":true,"_links":{"self":[{"href":"https:\/\/www.villaescusadeharo.com\/kyezitri\/index.php?rest_route=\/wp\/v2\/pages\/7","targetHints":{"allow":["GET"]}}],"collection":[{"href":"https:\/\/www.villaescusadeharo.com\/kyezitri\/index.php?rest_route=\/wp\/v2\/pages"}],"about":[{"href":"https:\/\/www.villaescusadeharo.com\/kyezitri\/index.php?rest_route=\/wp\/v2\/types\/page"}],"author":[{"embeddable":true,"href":"https:\/\/www.villaescusadeharo.com\/kyezitri\/index.php?rest_route=\/wp\/v2\/users\/1"}],"replies":[{"embeddable":true,"href":"https:\/\/www.villaescusadeharo.com\/kyezitri\/index.php?rest_route=%2Fwp%2Fv2%2Fcomments&post=7"}],"version-history":[{"count":0,"href":"https:\/\/www.villaescusadeharo.com\/kyezitri\/index.php?rest_route=\/wp\/v2\/pages\/7\/revisions"}],"wp:attachment":[{"href":"https:\/\/www.villaescusadeharo.com\/kyezitri\/index.php?rest_route=%2Fwp%2Fv2%2Fmedia&parent=7"}],"curies":[{"name":"wp","href":"https:\/\/api.w.org\/{rel}","templated":true}]}}